{"id":9,"date":"2025-09-27T16:32:29","date_gmt":"2025-09-27T14:32:29","guid":{"rendered":"https:\/\/waylab.fr\/?page_id=9"},"modified":"2026-01-15T17:00:48","modified_gmt":"2026-01-15T16:00:48","slug":"accueil","status":"publish","type":"page","link":"https:\/\/waylab.fr\/","title":{"rendered":"Accueil"},"content":{"rendered":"\n<div class=\"wp-block-group way-hero is-layout-constrained wp-container-core-group-is-layout-38bed7da wp-block-group-is-layout-constrained\" style=\"padding-top:88px;padding-bottom:0px\">\n<figure class=\"wp-block-image aligncenter size-full is-resized hero-illustration\"><img loading=\"lazy\" decoding=\"async\" width=\"158\" height=\"157\" src=\"http:\/\/waylab.fr\/wp-content\/uploads\/2025\/09\/waylab-forme-cercle-ocre.png\" alt=\"\" class=\"wp-image-98\" style=\"width:200px\" srcset=\"https:\/\/waylab.fr\/wp-content\/uploads\/2025\/09\/waylab-forme-cercle-ocre.png 158w, https:\/\/waylab.fr\/wp-content\/uploads\/2025\/09\/waylab-forme-cercle-ocre-150x150.png 150w\" sizes=\"auto, (max-width: 158px) 100vw, 158px\" \/><\/figure>\n\n\n\n<h1 class=\"wp-block-heading has-text-align-center has-terracotta-color has-text-color has-link-color has-raleway-font-family wp-elements-a967b3aa30bc8a2d22b9713d52df8dbe\" style=\"font-style:normal;font-weight:800\"><strong>Analyse, clart\u00e9 et d\u00e9cisions strat\u00e9giques<\/strong><br><strong>pour projets culturels et business cr\u00e9atifs<\/strong><\/h1>\n\n\n\n<p class=\"has-text-align-center\" style=\"font-size:22px\">20 ans d&rsquo;exp\u00e9rience pour vous aider \u00e0 clarifier vos choix, offres et priorit\u00e9s<\/p>\n<\/div>\n\n\n<p><!-- SERVICES --><\/p>\n\n\n<div class=\"wp-block-group is-content-justification-center is-layout-constrained wp-container-core-group-is-layout-752c66a0 wp-block-group-is-layout-constrained\" style=\"padding-top:56px;padding-bottom:56px\">\n<div class=\"wp-block-columns services-grid is-layout-flex wp-container-core-columns-is-layout-d937f815 wp-block-columns-is-layout-flex\">\n<div class=\"wp-block-column is-layout-flow wp-block-column-is-layout-flow\">\n<div class=\"wp-block-group service-card has-border-color has-cardbg-background-color has-background is-layout-flow wp-block-group-is-layout-flow\" style=\"border-color:#00000010;border-width:1px;border-radius:8px;margin-top:0;margin-bottom:0;padding-top:22px;padding-right:22px;padding-bottom:22px;padding-left:22px\">\n<h3 class=\"wp-block-heading has-text-align-center has-terracotta-color has-text-color has-raleway-font-family\" id=\"copywriting\"><strong>Audit strat\u00e9gique &amp; repositionnement express<\/strong><\/h3>\n\n\n\n<div class=\"wp-block-columns service-colonnes is-layout-flex wp-container-core-columns-is-layout-28f84493 wp-block-columns-is-layout-flex\">\n<div class=\"wp-block-column is-layout-flow wp-block-column-is-layout-flow\">\n<p class=\"has-text-align-center\">Vous avez un projet culturel ou cr\u00e9atif solide\u2026<br>mais vous ne savez pas comment le structurer, le repositionner ou d\u00e9cider des priorit\u00e9s ?<\/p>\n\n\n\n<p class=\"has-text-align-center\"><strong>Audit strat\u00e9gique &amp; repositionnement express<\/strong><br>Clart\u00e9 sur ce qui fonctionne, ce qui bloque, et ce qui doit \u00eatre prioris\u00e9.<\/p>\n<\/div>\n<\/div>\n\n\n\n<p class=\"has-text-align-center\"><a href=\"\/services#copywriting\"><strong>[ Obtenir un diagnostic \u2013 10 min ]<\/strong><\/a><\/p>\n<\/div>\n<\/div>\n\n\n\n<div class=\"wp-block-column is-layout-flow wp-block-column-is-layout-flow\">\n<div class=\"wp-block-group service-card has-border-color has-cardbg-background-color has-background is-layout-flow wp-block-group-is-layout-flow\" style=\"border-color:#00000010;border-width:1px;border-radius:8px;padding-top:22px;padding-right:22px;padding-bottom:22px;padding-left:22px\">\n<h3 class=\"wp-block-heading has-text-align-center has-terracotta-color has-text-color has-raleway-font-family\" id=\"seo\"><strong>Autres Services<\/strong><\/h3>\n\n\n\n<div class=\"wp-block-columns is-layout-flex wp-container-core-columns-is-layout-28f84493 wp-block-columns-is-layout-flex\">\n<div class=\"wp-block-column is-layout-flow wp-block-column-is-layout-flow\">\n<figure class=\"wp-block-image size-full service-icon\"><img loading=\"lazy\" decoding=\"async\" width=\"293\" height=\"346\" src=\"https:\/\/waylab.fr\/wp-content\/uploads\/2025\/09\/Waylab-conseils3-1.png\" alt=\"\" class=\"wp-image-128\" srcset=\"https:\/\/waylab.fr\/wp-content\/uploads\/2025\/09\/Waylab-conseils3-1.png 293w, https:\/\/waylab.fr\/wp-content\/uploads\/2025\/09\/Waylab-conseils3-1-254x300.png 254w\" sizes=\"auto, (max-width: 293px) 100vw, 293px\" \/><\/figure>\n<\/div>\n\n\n\n<div class=\"wp-block-column is-layout-flow wp-block-column-is-layout-flow\">\n<ul class=\"wp-block-list\">\n<li>Coaching d\u00e9cisionnel<\/li>\n\n\n\n<li>Copywriting (pitch, landing, pages)<\/li>\n\n\n\n<li>Visibilit\u00e9 LinkedIn<\/li>\n<\/ul>\n\n\n\n<p class=\"has-text-align-center\"><a href=\"\/services#seo\"><strong>En savoir plus \u2192<\/strong><\/a><\/p>\n<\/div>\n<\/div>\n\n\n\n<p><\/p>\n<\/div>\n<\/div>\n<\/div>\n<\/div>\n\n\n<p><!-- ABOUT --><\/p>\n\n\n<div class=\"wp-block-group about-section deco-bottom is-layout-constrained wp-container-core-group-is-layout-cf2af6e5 wp-block-group-is-layout-constrained\" style=\"padding-top:56px;padding-bottom:56px\">\n<h2 class=\"wp-block-heading has-text-align-center\">Une exp\u00e9rience transversale <br>pour structurer, prioriser et repositionner vos projets<\/h2>\n\n\n\n<div class=\"wp-block-columns are-vertically-aligned-center is-layout-flex wp-container-core-columns-is-layout-28f84493 wp-block-columns-is-layout-flex\">\n<div class=\"wp-block-column is-vertically-aligned-center is-layout-flow wp-block-column-is-layout-flow\">\n<div class=\"wp-block-group about-visual is-layout-flow wp-block-group-is-layout-flow\">\n<figure class=\"wp-block-image size-full\"><img loading=\"lazy\" decoding=\"async\" width=\"330\" height=\"138\" src=\"http:\/\/waylab.fr\/wp-content\/uploads\/2025\/09\/waylab-forme-demi-cercle-up-ocre.png\" alt=\"\" class=\"wp-image-101\" srcset=\"https:\/\/waylab.fr\/wp-content\/uploads\/2025\/09\/waylab-forme-demi-cercle-up-ocre.png 330w, https:\/\/waylab.fr\/wp-content\/uploads\/2025\/09\/waylab-forme-demi-cercle-up-ocre-300x125.png 300w\" sizes=\"auto, (max-width: 330px) 100vw, 330px\" \/><\/figure>\n\n\n\n<figure class=\"wp-block-image size-large\"><img loading=\"lazy\" decoding=\"async\" width=\"1024\" height=\"622\" src=\"http:\/\/waylab.fr\/wp-content\/uploads\/2025\/09\/b-and-i-1024x622.jpg\" alt=\"\" class=\"wp-image-208\" srcset=\"https:\/\/waylab.fr\/wp-content\/uploads\/2025\/09\/b-and-i-1024x622.jpg 1024w, https:\/\/waylab.fr\/wp-content\/uploads\/2025\/09\/b-and-i-300x182.jpg 300w, https:\/\/waylab.fr\/wp-content\/uploads\/2025\/09\/b-and-i-768x466.jpg 768w, https:\/\/waylab.fr\/wp-content\/uploads\/2025\/09\/b-and-i-1536x932.jpg 1536w, https:\/\/waylab.fr\/wp-content\/uploads\/2025\/09\/b-and-i.jpg 1977w\" sizes=\"auto, (max-width: 1024px) 100vw, 1024px\" \/><\/figure>\n<\/div>\n<\/div>\n\n\n\n<div class=\"wp-block-column is-vertically-aligned-center is-layout-flow wp-block-column-is-layout-flow\">\n<p>Journalisme, entrepreneuriat, direction de labels et accompagnement de projets culturels et business cr\u00e9atifs : cette diversit\u00e9 de parcours permet un regard global, \u00e0 la fois strat\u00e9gique et op\u00e9rationnel.<\/p>\n\n\n\n<p>L\u2019objectif n\u2019est pas d\u2019ajouter de la complexit\u00e9, mais d\u2019identifier ce qui compte vraiment pour prendre des d\u00e9cisions claires et efficaces.<\/p>\n\n\n\n<div class=\"wp-block-buttons is-layout-constrained wp-block-buttons-is-layout-constrained\">\n<div class=\"wp-block-button is-style-outline is-style-outline--1\"><a class=\"wp-block-button__link wp-element-button\" href=\"\/a-propos\">En savoir plus sur mon parcours<\/a><\/div>\n<\/div>\n<\/div>\n<\/div>\n<\/div>\n\n\n<p><!-- CTA BANDEAU --><\/p>\n\n\n<div class=\"wp-block-group tape blog-grid way-bottom is-layout-constrained wp-block-group-is-layout-constrained\">\n<h2 class=\"wp-block-heading has-text-align-center\">Conseils &amp; Inspirations<\/h2>\n\n\n\n<hr class=\"wp-block-separator has-alpha-channel-opacity\"\/>\n\n\n\n<div class=\"wp-block-columns is-layout-flex wp-container-core-columns-is-layout-28f84493 wp-block-columns-is-layout-flex\">\n<div class=\"wp-block-column is-layout-flow wp-block-column-is-layout-flow\">\n<figure class=\"wp-block-image size-full\"><img loading=\"lazy\" decoding=\"async\" width=\"606\" height=\"73\" src=\"http:\/\/waylab.fr\/wp-content\/uploads\/2025\/09\/ligne-terracotta.png\" alt=\"\" class=\"wp-image-188\" srcset=\"https:\/\/waylab.fr\/wp-content\/uploads\/2025\/09\/ligne-terracotta.png 606w, https:\/\/waylab.fr\/wp-content\/uploads\/2025\/09\/ligne-terracotta-300x36.png 300w\" sizes=\"auto, (max-width: 606px) 100vw, 606px\" \/><\/figure>\n\n\n\n<h4 class=\"wp-block-heading has-text-align-center\"><a href=\"https:\/\/waylab.fr\/?p=452\">Analyses &amp; d\u00e9cisions strat\u00e9giques<\/a><\/h4>\n\n\n\n<ul class=\"wp-block-list\">\n<li>Repositionnement de projets<\/li>\n\n\n\n<li>Arbitrage et priorit\u00e9s<\/li>\n\n\n\n<li>Erreurs fr\u00e9quentes des projets culturels<\/li>\n<\/ul>\n\n\n\n<p class=\"has-text-align-center\"><a href=\"https:\/\/waylab.fr\/?p=452\"><strong>Lire l\u2019article \u2192<\/strong><\/a><\/p>\n<\/div>\n\n\n\n<div class=\"wp-block-column is-layout-flow wp-block-column-is-layout-flow\">\n<figure class=\"wp-block-image size-full\"><img loading=\"lazy\" decoding=\"async\" width=\"606\" height=\"75\" src=\"http:\/\/waylab.fr\/wp-content\/uploads\/2025\/09\/ligne-ocre.png\" alt=\"\" class=\"wp-image-187\" srcset=\"https:\/\/waylab.fr\/wp-content\/uploads\/2025\/09\/ligne-ocre.png 606w, https:\/\/waylab.fr\/wp-content\/uploads\/2025\/09\/ligne-ocre-300x37.png 300w\" sizes=\"auto, (max-width: 606px) 100vw, 606px\" \/><\/figure>\n\n\n\n<h4 class=\"wp-block-heading has-text-align-center\"><a href=\"https:\/\/waylab.fr\/?p=464\">Retours d\u2019exp\u00e9rience &amp; analyses de terrain sous-estim\u00e9es<\/a><\/h4>\n\n\n\n<ul class=\"wp-block-list\">\n<li>Ce qui fonctionne \/ ne fonctionne pas<\/li>\n\n\n\n<li>Cas concrets (anonymis\u00e9s)<\/li>\n\n\n\n<li>D\u00e9cisions r\u00e9elles<\/li>\n<\/ul>\n\n\n\n<p class=\"has-text-align-center\"><a href=\"https:\/\/waylab.fr\/?p=464\"><strong>Lire l\u2019article \u2192<\/strong><\/a><\/p>\n<\/div>\n\n\n\n<div class=\"wp-block-column is-layout-flow wp-block-column-is-layout-flow\">\n<figure class=\"wp-block-image size-full\"><img loading=\"lazy\" decoding=\"async\" width=\"606\" height=\"73\" src=\"http:\/\/waylab.fr\/wp-content\/uploads\/2025\/09\/ligne-charbon.png\" alt=\"\" class=\"wp-image-186\" srcset=\"https:\/\/waylab.fr\/wp-content\/uploads\/2025\/09\/ligne-charbon.png 606w, https:\/\/waylab.fr\/wp-content\/uploads\/2025\/09\/ligne-charbon-300x36.png 300w\" sizes=\"auto, (max-width: 606px) 100vw, 606px\" \/><\/figure>\n\n\n\n<h4 class=\"wp-block-heading has-text-align-center\"><a href=\"https:\/\/waylab.fr\/?p=466\">R\u00e9flexions strat\u00e9giques<\/a><\/h4>\n\n\n\n<ul class=\"wp-block-list\">\n<li>Simple<\/li>\n\n\n\n<li>S\u00e9rieux<\/li>\n\n\n\n<li>Durable<\/li>\n<\/ul>\n\n\n\n<p class=\"has-text-align-center\"><a href=\"https:\/\/waylab.fr\/?p=466\"><strong>Lire l\u2019article \u2192<\/strong><\/a><\/p>\n<\/div>\n<\/div>\n<\/div>\n\n\n\n<p><\/p>\n","protected":false},"excerpt":{"rendered":"<p>Analyse, clart\u00e9 et d\u00e9cisions strat\u00e9giquespour projets culturels et business cr\u00e9atifs 20 ans d&rsquo;exp\u00e9rience pour vous aider \u00e0 clarifier vos choix, [&hellip;]<\/p>\n","protected":false},"author":1,"featured_media":0,"parent":0,"menu_order":0,"comment_status":"closed","ping_status":"closed","template":"","meta":{"site-sidebar-layout":"default","site-content-layout":"","ast-site-content-layout":"default","site-content-style":"default","site-sidebar-style":"default","ast-global-header-display":"","ast-banner-title-visibility":"","ast-main-header-display":"","ast-hfb-above-header-display":"","ast-hfb-below-header-display":"","ast-hfb-mobile-header-display":"","site-post-title":"disabled","ast-breadcrumbs-content":"","ast-featured-img":"","footer-sml-layout":"","theme-transparent-header-meta":"","adv-header-id-meta":"","stick-header-meta":"","header-above-stick-meta":"","header-main-stick-meta":"","header-below-stick-meta":"","astra-migrate-meta-layouts":"default","ast-page-background-enabled":"default","ast-page-background-meta":{"desktop":{"background-color":"var(--ast-global-color-5)","background-image":"","background-repeat":"repeat","background-position":"center center","background-size":"auto","background-attachment":"scroll","background-type":"","background-media":"","overlay-type":"","overlay-color":"","overlay-opacity":"","overlay-gradient":""},"tablet":{"background-color":"","background-image":"","background-repeat":"repeat","background-position":"center center","background-size":"auto","background-attachment":"scroll","background-type":"","background-media":"","overlay-type":"","overlay-color":"","overlay-opacity":"","overlay-gradient":""},"mobile":{"background-color":"","background-image":"","background-repeat":"repeat","background-position":"center center","background-size":"auto","background-attachment":"scroll","background-type":"","background-media":"","overlay-type":"","overlay-color":"","overlay-opacity":"","overlay-gradient":""}},"ast-content-background-meta":{"desktop":{"background-color":"var(--ast-global-color-4)","background-image":"","background-repeat":"repeat","background-position":"center center","background-size":"auto","background-attachment":"scroll","background-type":"","background-media":"","overlay-type":"","overlay-color":"","overlay-opacity":"","overlay-gradient":""},"tablet":{"background-color":"var(--ast-global-color-4)","background-image":"","background-repeat":"repeat","background-position":"center center","background-size":"auto","background-attachment":"scroll","background-type":"","background-media":"","overlay-type":"","overlay-color":"","overlay-opacity":"","overlay-gradient":""},"mobile":{"background-color":"var(--ast-global-color-4)","background-image":"","background-repeat":"repeat","background-position":"center center","background-size":"auto","background-attachment":"scroll","background-type":"","background-media":"","overlay-type":"","overlay-color":"","overlay-opacity":"","overlay-gradient":""}},"footnotes":""},"class_list":["post-9","page","type-page","status-publish","hentry"],"yoast_head":"<!-- This site is optimized with the Yoast SEO plugin v26.0 - https:\/\/yoast.com\/wordpress\/plugins\/seo\/ -->\n<title>WayLab * Copywriting, consulting &amp; SEO (France, Suisse)<\/title>\n<meta name=\"description\" content=\"copywrinting, consulting de transition et SEO. Le rythme des mots, la clart\u00e9 de la strat\u00e9gie. Bas\u00e9 en France, missions en Suisse\" \/>\n<meta name=\"robots\" content=\"index, follow, max-snippet:-1, max-image-preview:large, max-video-preview:-1\" \/>\n<link rel=\"canonical\" href=\"https:\/\/waylab.fr\/\" \/>\n<meta property=\"og:locale\" content=\"fr_FR\" \/>\n<meta property=\"og:type\" content=\"article\" \/>\n<meta property=\"og:title\" content=\"WayLab * Copywriting, consulting &amp; SEO (France, Suisse)\" \/>\n<meta property=\"og:description\" content=\"copywrinting, consulting de transition et SEO. Le rythme des mots, la clart\u00e9 de la strat\u00e9gie. Bas\u00e9 en France, missions en Suisse\" \/>\n<meta property=\"og:url\" content=\"https:\/\/waylab.fr\/\" \/>\n<meta property=\"article:modified_time\" content=\"2026-01-15T16:00:48+00:00\" \/>\n<meta property=\"og:image\" content=\"https:\/\/waylab.fr\/wp-content\/uploads\/2025\/09\/waylab-forme-cercle-ocre.png\" \/>\n\t<meta property=\"og:image:width\" content=\"158\" \/>\n\t<meta property=\"og:image:height\" content=\"157\" \/>\n\t<meta property=\"og:image:type\" content=\"image\/png\" \/>\n<meta name=\"twitter:card\" content=\"summary_large_image\" \/>\n<meta name=\"twitter:label1\" content=\"Dur\u00e9e de lecture estim\u00e9e\" \/>\n\t<meta name=\"twitter:data1\" content=\"3 minutes\" \/>\n<script type=\"application\/ld+json\" class=\"yoast-schema-graph\">{\"@context\":\"https:\/\/schema.org\",\"@graph\":[{\"@type\":\"WebPage\",\"@id\":\"https:\/\/waylab.fr\/\",\"url\":\"https:\/\/waylab.fr\/\",\"name\":\"WayLab * Copywriting, consulting & SEO (France, Suisse)\",\"isPartOf\":{\"@id\":\"https:\/\/waylab.fr\/#website\"},\"primaryImageOfPage\":{\"@id\":\"https:\/\/waylab.fr\/#primaryimage\"},\"image\":{\"@id\":\"https:\/\/waylab.fr\/#primaryimage\"},\"thumbnailUrl\":\"http:\/\/waylab.fr\/wp-content\/uploads\/2025\/09\/waylab-forme-cercle-ocre.png\",\"datePublished\":\"2025-09-27T14:32:29+00:00\",\"dateModified\":\"2026-01-15T16:00:48+00:00\",\"description\":\"copywrinting, consulting de transition et SEO. Le rythme des mots, la clart\u00e9 de la strat\u00e9gie. Bas\u00e9 en France, missions en Suisse\",\"breadcrumb\":{\"@id\":\"https:\/\/waylab.fr\/#breadcrumb\"},\"inLanguage\":\"fr-FR\",\"potentialAction\":[{\"@type\":\"ReadAction\",\"target\":[\"https:\/\/waylab.fr\/\"]}]},{\"@type\":\"ImageObject\",\"inLanguage\":\"fr-FR\",\"@id\":\"https:\/\/waylab.fr\/#primaryimage\",\"url\":\"https:\/\/waylab.fr\/wp-content\/uploads\/2025\/09\/waylab-forme-cercle-ocre.png\",\"contentUrl\":\"https:\/\/waylab.fr\/wp-content\/uploads\/2025\/09\/waylab-forme-cercle-ocre.png\",\"width\":158,\"height\":157},{\"@type\":\"BreadcrumbList\",\"@id\":\"https:\/\/waylab.fr\/#breadcrumb\",\"itemListElement\":[{\"@type\":\"ListItem\",\"position\":1,\"name\":\"Accueil\",\"item\":\"https:\/\/waylab.fr\/\"},{\"@type\":\"ListItem\",\"position\":2,\"name\":\"Accueil\"}]},{\"@type\":\"WebSite\",\"@id\":\"https:\/\/waylab.fr\/#website\",\"url\":\"https:\/\/waylab.fr\/\",\"name\":\"WayLab\",\"description\":\"\",\"publisher\":{\"@id\":\"https:\/\/waylab.fr\/#organization\"},\"potentialAction\":[{\"@type\":\"SearchAction\",\"target\":{\"@type\":\"EntryPoint\",\"urlTemplate\":\"https:\/\/waylab.fr\/?s={search_term_string}\"},\"query-input\":{\"@type\":\"PropertyValueSpecification\",\"valueRequired\":true,\"valueName\":\"search_term_string\"}}],\"inLanguage\":\"fr-FR\"},{\"@type\":\"Organization\",\"@id\":\"https:\/\/waylab.fr\/#organization\",\"name\":\"WayLab\",\"url\":\"https:\/\/waylab.fr\/\",\"logo\":{\"@type\":\"ImageObject\",\"inLanguage\":\"fr-FR\",\"@id\":\"https:\/\/waylab.fr\/#\/schema\/logo\/image\/\",\"url\":\"https:\/\/waylab.fr\/wp-content\/uploads\/2025\/09\/91B3FF75-3AA0-4BBD-9AE4-1F95C1541812.png\",\"contentUrl\":\"https:\/\/waylab.fr\/wp-content\/uploads\/2025\/09\/91B3FF75-3AA0-4BBD-9AE4-1F95C1541812.png\",\"width\":1024,\"height\":1024,\"caption\":\"WayLab\"},\"image\":{\"@id\":\"https:\/\/waylab.fr\/#\/schema\/logo\/image\/\"},\"sameAs\":[\"https:\/\/www.linkedin.com\/in\/phil-margueron-2578a582\/\"]}]}<\/script>\n<!-- \/ Yoast SEO plugin. -->","yoast_head_json":{"title":"WayLab * Copywriting, consulting & SEO (France, Suisse)","description":"copywrinting, consulting de transition et SEO. Le rythme des mots, la clart\u00e9 de la strat\u00e9gie. Bas\u00e9 en France, missions en Suisse","robots":{"index":"index","follow":"follow","max-snippet":"max-snippet:-1","max-image-preview":"max-image-preview:large","max-video-preview":"max-video-preview:-1"},"canonical":"https:\/\/waylab.fr\/","og_locale":"fr_FR","og_type":"article","og_title":"WayLab * Copywriting, consulting & SEO (France, Suisse)","og_description":"copywrinting, consulting de transition et SEO. Le rythme des mots, la clart\u00e9 de la strat\u00e9gie. Bas\u00e9 en France, missions en Suisse","og_url":"https:\/\/waylab.fr\/","article_modified_time":"2026-01-15T16:00:48+00:00","og_image":[{"width":158,"height":157,"url":"https:\/\/waylab.fr\/wp-content\/uploads\/2025\/09\/waylab-forme-cercle-ocre.png","type":"image\/png"}],"twitter_card":"summary_large_image","twitter_misc":{"Dur\u00e9e de lecture estim\u00e9e":"3 minutes"},"schema":{"@context":"https:\/\/schema.org","@graph":[{"@type":"WebPage","@id":"https:\/\/waylab.fr\/","url":"https:\/\/waylab.fr\/","name":"WayLab * Copywriting, consulting & SEO (France, Suisse)","isPartOf":{"@id":"https:\/\/waylab.fr\/#website"},"primaryImageOfPage":{"@id":"https:\/\/waylab.fr\/#primaryimage"},"image":{"@id":"https:\/\/waylab.fr\/#primaryimage"},"thumbnailUrl":"http:\/\/waylab.fr\/wp-content\/uploads\/2025\/09\/waylab-forme-cercle-ocre.png","datePublished":"2025-09-27T14:32:29+00:00","dateModified":"2026-01-15T16:00:48+00:00","description":"copywrinting, consulting de transition et SEO. Le rythme des mots, la clart\u00e9 de la strat\u00e9gie. Bas\u00e9 en France, missions en Suisse","breadcrumb":{"@id":"https:\/\/waylab.fr\/#breadcrumb"},"inLanguage":"fr-FR","potentialAction":[{"@type":"ReadAction","target":["https:\/\/waylab.fr\/"]}]},{"@type":"ImageObject","inLanguage":"fr-FR","@id":"https:\/\/waylab.fr\/#primaryimage","url":"https:\/\/waylab.fr\/wp-content\/uploads\/2025\/09\/waylab-forme-cercle-ocre.png","contentUrl":"https:\/\/waylab.fr\/wp-content\/uploads\/2025\/09\/waylab-forme-cercle-ocre.png","width":158,"height":157},{"@type":"BreadcrumbList","@id":"https:\/\/waylab.fr\/#breadcrumb","itemListElement":[{"@type":"ListItem","position":1,"name":"Accueil","item":"https:\/\/waylab.fr\/"},{"@type":"ListItem","position":2,"name":"Accueil"}]},{"@type":"WebSite","@id":"https:\/\/waylab.fr\/#website","url":"https:\/\/waylab.fr\/","name":"WayLab","description":"","publisher":{"@id":"https:\/\/waylab.fr\/#organization"},"potentialAction":[{"@type":"SearchAction","target":{"@type":"EntryPoint","urlTemplate":"https:\/\/waylab.fr\/?s={search_term_string}"},"query-input":{"@type":"PropertyValueSpecification","valueRequired":true,"valueName":"search_term_string"}}],"inLanguage":"fr-FR"},{"@type":"Organization","@id":"https:\/\/waylab.fr\/#organization","name":"WayLab","url":"https:\/\/waylab.fr\/","logo":{"@type":"ImageObject","inLanguage":"fr-FR","@id":"https:\/\/waylab.fr\/#\/schema\/logo\/image\/","url":"https:\/\/waylab.fr\/wp-content\/uploads\/2025\/09\/91B3FF75-3AA0-4BBD-9AE4-1F95C1541812.png","contentUrl":"https:\/\/waylab.fr\/wp-content\/uploads\/2025\/09\/91B3FF75-3AA0-4BBD-9AE4-1F95C1541812.png","width":1024,"height":1024,"caption":"WayLab"},"image":{"@id":"https:\/\/waylab.fr\/#\/schema\/logo\/image\/"},"sameAs":["https:\/\/www.linkedin.com\/in\/phil-margueron-2578a582\/"]}]}},"_links":{"self":[{"href":"https:\/\/waylab.fr\/index.php?rest_route=\/wp\/v2\/pages\/9","targetHints":{"allow":["GET"]}}],"collection":[{"href":"https:\/\/waylab.fr\/index.php?rest_route=\/wp\/v2\/pages"}],"about":[{"href":"https:\/\/waylab.fr\/index.php?rest_route=\/wp\/v2\/types\/page"}],"author":[{"embeddable":true,"href":"https:\/\/waylab.fr\/index.php?rest_route=\/wp\/v2\/users\/1"}],"replies":[{"embeddable":true,"href":"https:\/\/waylab.fr\/index.php?rest_route=%2Fwp%2Fv2%2Fcomments&post=9"}],"version-history":[{"count":85,"href":"https:\/\/waylab.fr\/index.php?rest_route=\/wp\/v2\/pages\/9\/revisions"}],"predecessor-version":[{"id":469,"href":"https:\/\/waylab.fr\/index.php?rest_route=\/wp\/v2\/pages\/9\/revisions\/469"}],"wp:attachment":[{"href":"https:\/\/waylab.fr\/index.php?rest_route=%2Fwp%2Fv2%2Fmedia&parent=9"}],"curies":[{"name":"wp","href":"https:\/\/api.w.org\/{rel}","templated":true}]}}