{"id":428,"date":"2026-01-15T14:14:37","date_gmt":"2026-01-15T13:14:37","guid":{"rendered":"https:\/\/waylab.fr\/?page_id=428"},"modified":"2026-01-15T15:01:41","modified_gmt":"2026-01-15T14:01:41","slug":"audit-strategique","status":"publish","type":"page","link":"https:\/\/waylab.fr\/?page_id=428","title":{"rendered":"Audit Strat\u00e9gique"},"content":{"rendered":"\n<div class=\"wp-block-group is-content-justification-center is-layout-constrained wp-container-core-group-is-layout-752c66a0 wp-block-group-is-layout-constrained\" style=\"padding-top:56px;padding-bottom:56px\">\n<div class=\"wp-block-columns services-grid is-layout-flex wp-container-core-columns-is-layout-d937f815 wp-block-columns-is-layout-flex\">\n<div class=\"wp-block-column is-layout-flow wp-block-column-is-layout-flow\">\n<div class=\"wp-block-group service-card has-border-color has-cardbg-background-color has-background is-layout-flow wp-block-group-is-layout-flow\" style=\"border-color:#00000010;border-width:1px;border-radius:8px;margin-top:0;margin-bottom:0;padding-top:22px;padding-right:22px;padding-bottom:22px;padding-left:22px\">\n<h3 class=\"wp-block-heading has-text-align-center has-terracotta-color has-text-color has-raleway-font-family\" id=\"copywriting\">1 &#8211; Pour quels projets ?<\/h3>\n\n\n\n<p>Cet audit s\u2019adresse \u00e0 des porteurs de projets, \u00e9quipes ou structures qui :<\/p>\n\n\n\n<ul class=\"wp-block-list\">\n<li>portent un <strong>projet culturel ou cr\u00e9atif existant<\/strong><\/li>\n\n\n\n<li>sentent qu\u2019il est temps de <strong>clarifier ou repositionner<\/strong><\/li>\n\n\n\n<li>doivent <strong>prendre des d\u00e9cisions structurantes<\/strong><\/li>\n\n\n\n<li>manquent de recul ou de temps pour analyser \u00e0 froid<\/li>\n<\/ul>\n\n\n\n<p>Ce n\u2019est <strong>pas<\/strong> un audit th\u00e9orique, ni une prestation de production.<br>C\u2019est un outil de <strong>d\u00e9cision<\/strong>.<\/p>\n<\/div>\n<\/div>\n\n\n\n<div class=\"wp-block-column is-layout-flow wp-block-column-is-layout-flow\">\n<div class=\"wp-block-group service-card has-border-color has-cardbg-background-color has-background is-layout-flow wp-block-group-is-layout-flow\" style=\"border-color:#00000010;border-width:1px;border-radius:8px;padding-top:22px;padding-right:22px;padding-bottom:22px;padding-left:22px\">\n<h3 class=\"wp-block-heading has-text-align-center has-terracotta-color has-text-color has-raleway-font-family\" id=\"seo\">2 &#8211; Quand faire un audit strat\u00e9gique ?<\/h3>\n\n\n\n<div class=\"wp-block-columns is-layout-flex wp-container-core-columns-is-layout-28f84493 wp-block-columns-is-layout-flex\">\n<div class=\"wp-block-column is-layout-flow wp-block-column-is-layout-flow\">\n<ul class=\"wp-block-list\">\n<li>Votre projet stagne malgr\u00e9 <strong>un vrai potentiel<\/strong><\/li>\n\n\n\n<li>Votre <strong>positionnement <\/strong>n\u2019est plus clair ou plus <strong>lisible<\/strong><\/li>\n\n\n\n<li>Vous h\u00e9sitez entre <strong>plusieurs directions<\/strong><\/li>\n\n\n\n<li>Vous devez <strong>arbitrer <\/strong>des investissements ou des priorit\u00e9s<\/li>\n\n\n\n<li>Vous pr\u00e9parez une <strong>nouvelle phase<\/strong> (lancement, pivot, d\u00e9veloppement)<\/li>\n<\/ul>\n<\/div>\n<\/div>\n<\/div>\n<\/div>\n<\/div>\n<\/div>\n\n\n\n<div class=\"wp-block-group is-content-justification-center is-layout-constrained wp-container-core-group-is-layout-752c66a0 wp-block-group-is-layout-constrained\" style=\"padding-top:56px;padding-bottom:56px\">\n<div class=\"wp-block-columns services-grid is-layout-flex wp-container-core-columns-is-layout-d937f815 wp-block-columns-is-layout-flex\">\n<div class=\"wp-block-column is-layout-flow wp-block-column-is-layout-flow\">\n<div class=\"wp-block-group service-card has-border-color has-cardbg-background-color has-background is-layout-flow wp-block-group-is-layout-flow\" style=\"border-color:#00000010;border-width:1px;border-radius:8px;margin-top:0;margin-bottom:0;padding-top:22px;padding-right:22px;padding-bottom:22px;padding-left:22px\">\n<h3 class=\"wp-block-heading has-text-align-center has-terracotta-color has-text-color has-raleway-font-family\" id=\"copywriting\">3 &#8211; Ce qui est analys\u00e9<\/h3>\n\n\n\n<p>Selon votre situation, l\u2019audit porte notamment sur :<\/p>\n\n\n\n<ul class=\"wp-block-list\">\n<li>le <strong>positionnement<\/strong> du projet<\/li>\n\n\n\n<li>la <strong>proposition de valeur<\/strong><\/li>\n\n\n\n<li>le discours et la lisibilit\u00e9 de l\u2019offre<\/li>\n\n\n\n<li>les priorit\u00e9s strat\u00e9giques<\/li>\n\n\n\n<li>la coh\u00e9rence entre vision, moyens et objectifs<\/li>\n\n\n\n<li>les points de blocage r\u00e9els (pas suppos\u00e9s)<\/li>\n<\/ul>\n\n\n\n<p>L\u2019analyse est <strong>contextuelle<\/strong>, pas standardis\u00e9e.<\/p>\n<\/div>\n<\/div>\n\n\n\n<div class=\"wp-block-column is-layout-flow wp-block-column-is-layout-flow\">\n<div class=\"wp-block-group service-card has-border-color has-cardbg-background-color has-background is-layout-flow wp-block-group-is-layout-flow\" style=\"border-color:#00000010;border-width:1px;border-radius:8px;padding-top:22px;padding-right:22px;padding-bottom:22px;padding-left:22px\">\n<h3 class=\"wp-block-heading has-text-align-center has-terracotta-color has-text-color has-raleway-font-family\" id=\"seo\">4 &#8211; Ce que vous recevez<\/h3>\n\n\n\n<div class=\"wp-block-columns is-layout-flex wp-container-core-columns-is-layout-28f84493 wp-block-columns-is-layout-flex\">\n<div class=\"wp-block-column is-layout-flow wp-block-column-is-layout-flow\">\n<ul class=\"wp-block-list\">\n<li>Une <strong>analyse structur\u00e9e<\/strong> de votre situation<\/li>\n\n\n\n<li>Des <strong>recommandations concr\u00e8tes et hi\u00e9rarchis\u00e9es<\/strong><\/li>\n\n\n\n<li>Des d\u00e9cisions \u00e0 prendre, clairement formul\u00e9es<\/li>\n\n\n\n<li>Un <strong>document de synth\u00e8se<\/strong> exploitable<\/li>\n\n\n\n<li>Un \u00e9change de restitution pour valider et ajuster<\/li>\n<\/ul>\n\n\n\n<p>L\u2019objectif : repartir avec <strong>des choix clairs<\/strong>, pas avec plus de questions.<\/p>\n<\/div>\n<\/div>\n<\/div>\n<\/div>\n<\/div>\n<\/div>\n\n\n\n<div class=\"wp-block-group is-content-justification-center is-layout-constrained wp-container-core-group-is-layout-752c66a0 wp-block-group-is-layout-constrained\" style=\"padding-top:56px;padding-bottom:56px\">\n<div class=\"wp-block-columns services-grid is-layout-flex wp-container-core-columns-is-layout-d937f815 wp-block-columns-is-layout-flex\">\n<div class=\"wp-block-column is-layout-flow wp-block-column-is-layout-flow\">\n<div class=\"wp-block-group service-card has-border-color has-cardbg-background-color has-background is-layout-flow wp-block-group-is-layout-flow\" style=\"border-color:#00000010;border-width:1px;border-radius:8px;margin-top:0;margin-bottom:0;padding-top:22px;padding-right:22px;padding-bottom:22px;padding-left:22px\">\n<h3 class=\"wp-block-heading has-text-align-center has-terracotta-color has-text-color has-raleway-font-family\" id=\"copywriting\">5 &#8211; Une approche ancr\u00e9e dans le terrain<\/h3>\n\n\n\n<p>L\u2019audit repose sur une exp\u00e9rience transversale m\u00ealant journalisme, entrepreneuriat, direction de labels et accompagnement de projets culturels et business cr\u00e9atifs.<\/p>\n\n\n\n<p>L\u2019enjeu n\u2019est pas d\u2019appliquer des recettes,<br>mais d\u2019identifier ce qui compte vraiment <strong>dans votre contexte<\/strong>,<br>afin de prendre des d\u00e9cisions r\u00e9alistes, coh\u00e9rentes et efficaces.<\/p>\n<\/div>\n<\/div>\n\n\n\n<div class=\"wp-block-column is-layout-flow wp-block-column-is-layout-flow\">\n<div class=\"wp-block-group service-card has-border-color has-cardbg-background-color has-background is-layout-flow wp-block-group-is-layout-flow\" style=\"border-color:#00000010;border-width:1px;border-radius:8px;padding-top:22px;padding-right:22px;padding-bottom:22px;padding-left:22px\">\n<h3 class=\"wp-block-heading has-text-align-center has-terracotta-color has-text-color has-raleway-font-family\" id=\"seo\">6 &#8211; Faire le point sur votre projet<\/h3>\n\n\n\n<div class=\"wp-block-columns is-layout-flex wp-container-core-columns-is-layout-28f84493 wp-block-columns-is-layout-flex\">\n<div class=\"wp-block-column is-layout-flow wp-block-column-is-layout-flow\">\n<p>Si vous souhaitez un regard ext\u00e9rieur, structur\u00e9 et honn\u00eate sur votre projet,<br>nous pouvons commencer par un \u00e9change court pour \u00e9valuer la pertinence de l\u2019audit.<\/p>\n\n\n\n<p class=\"has-text-align-center\"><a href=\"https:\/\/waylab.fr\/?page_id=17\"><strong>[ \u00c9changer 10 minutes sur votre projet ]<\/strong><\/a><\/p>\n<\/div>\n<\/div>\n<\/div>\n<\/div>\n<\/div>\n<\/div>\n","protected":false},"excerpt":{"rendered":"<p>1 &#8211; Pour quels projets ? Cet audit s\u2019adresse \u00e0 des porteurs de projets, \u00e9quipes ou structures qui : Ce [&hellip;]<\/p>\n","protected":false},"author":1,"featured_media":0,"parent":0,"menu_order":0,"comment_status":"closed","ping_status":"closed","template":"","meta":{"site-sidebar-layout":"default","site-content-layout":"","ast-site-content-layout":"default","site-content-style":"default","site-sidebar-style":"default","ast-global-header-display":"","ast-banner-title-visibility":"","ast-main-header-display":"","ast-hfb-above-header-display":"","ast-hfb-below-header-display":"","ast-hfb-mobile-header-display":"","site-post-title":"","ast-breadcrumbs-content":"","ast-featured-img":"","footer-sml-layout":"","theme-transparent-header-meta":"","adv-header-id-meta":"","stick-header-meta":"","header-above-stick-meta":"","header-main-stick-meta":"","header-below-stick-meta":"","astra-migrate-meta-layouts":"default","ast-page-background-enabled":"default","ast-page-background-meta":{"desktop":{"background-color":"var(--ast-global-color-5)","background-image":"","background-repeat":"repeat","background-position":"center center","background-size":"auto","background-attachment":"scroll","background-type":"","background-media":"","overlay-type":"","overlay-color":"","overlay-opacity":"","overlay-gradient":""},"tablet":{"background-color":"","background-image":"","background-repeat":"repeat","background-position":"center center","background-size":"auto","background-attachment":"scroll","background-type":"","background-media":"","overlay-type":"","overlay-color":"","overlay-opacity":"","overlay-gradient":""},"mobile":{"background-color":"","background-image":"","background-repeat":"repeat","background-position":"center center","background-size":"auto","background-attachment":"scroll","background-type":"","background-media":"","overlay-type":"","overlay-color":"","overlay-opacity":"","overlay-gradient":""}},"ast-content-background-meta":{"desktop":{"background-color":"var(--ast-global-color-4)","background-image":"","background-repeat":"repeat","background-position":"center center","background-size":"auto","background-attachment":"scroll","background-type":"","background-media":"","overlay-type":"","overlay-color":"","overlay-opacity":"","overlay-gradient":""},"tablet":{"background-color":"var(--ast-global-color-4)","background-image":"","background-repeat":"repeat","background-position":"center center","background-size":"auto","background-attachment":"scroll","background-type":"","background-media":"","overlay-type":"","overlay-color":"","overlay-opacity":"","overlay-gradient":""},"mobile":{"background-color":"var(--ast-global-color-4)","background-image":"","background-repeat":"repeat","background-position":"center center","background-size":"auto","background-attachment":"scroll","background-type":"","background-media":"","overlay-type":"","overlay-color":"","overlay-opacity":"","overlay-gradient":""}},"footnotes":""},"class_list":["post-428","page","type-page","status-publish","hentry"],"yoast_head":"<!-- This site is optimized with the Yoast SEO plugin v26.0 - https:\/\/yoast.com\/wordpress\/plugins\/seo\/ -->\n<title>Audit Strat\u00e9gique -<\/title>\n<meta name=\"robots\" content=\"index, follow, max-snippet:-1, max-image-preview:large, max-video-preview:-1\" \/>\n<link rel=\"canonical\" href=\"https:\/\/waylab.fr\/?page_id=428\" \/>\n<meta property=\"og:locale\" content=\"fr_FR\" \/>\n<meta property=\"og:type\" content=\"article\" \/>\n<meta property=\"og:title\" content=\"Audit Strat\u00e9gique -\" \/>\n<meta property=\"og:description\" content=\"1 &#8211; Pour quels projets ? Cet audit s\u2019adresse \u00e0 des porteurs de projets, \u00e9quipes ou structures qui : Ce [&hellip;]\" \/>\n<meta property=\"og:url\" content=\"https:\/\/waylab.fr\/?page_id=428\" \/>\n<meta property=\"article:modified_time\" content=\"2026-01-15T14:01:41+00:00\" \/>\n<meta name=\"twitter:card\" content=\"summary_large_image\" \/>\n<meta name=\"twitter:label1\" content=\"Dur\u00e9e de lecture estim\u00e9e\" \/>\n\t<meta name=\"twitter:data1\" content=\"2 minutes\" \/>\n<script type=\"application\/ld+json\" class=\"yoast-schema-graph\">{\"@context\":\"https:\/\/schema.org\",\"@graph\":[{\"@type\":\"WebPage\",\"@id\":\"https:\/\/waylab.fr\/?page_id=428\",\"url\":\"https:\/\/waylab.fr\/?page_id=428\",\"name\":\"Audit Strat\u00e9gique -\",\"isPartOf\":{\"@id\":\"https:\/\/waylab.fr\/#website\"},\"datePublished\":\"2026-01-15T13:14:37+00:00\",\"dateModified\":\"2026-01-15T14:01:41+00:00\",\"breadcrumb\":{\"@id\":\"https:\/\/waylab.fr\/?page_id=428#breadcrumb\"},\"inLanguage\":\"fr-FR\",\"potentialAction\":[{\"@type\":\"ReadAction\",\"target\":[\"https:\/\/waylab.fr\/?page_id=428\"]}]},{\"@type\":\"BreadcrumbList\",\"@id\":\"https:\/\/waylab.fr\/?page_id=428#breadcrumb\",\"itemListElement\":[{\"@type\":\"ListItem\",\"position\":1,\"name\":\"Accueil\",\"item\":\"https:\/\/waylab.fr\/\"},{\"@type\":\"ListItem\",\"position\":2,\"name\":\"Audit Strat\u00e9gique\"}]},{\"@type\":\"WebSite\",\"@id\":\"https:\/\/waylab.fr\/#website\",\"url\":\"https:\/\/waylab.fr\/\",\"name\":\"WayLab\",\"description\":\"\",\"publisher\":{\"@id\":\"https:\/\/waylab.fr\/#organization\"},\"potentialAction\":[{\"@type\":\"SearchAction\",\"target\":{\"@type\":\"EntryPoint\",\"urlTemplate\":\"https:\/\/waylab.fr\/?s={search_term_string}\"},\"query-input\":{\"@type\":\"PropertyValueSpecification\",\"valueRequired\":true,\"valueName\":\"search_term_string\"}}],\"inLanguage\":\"fr-FR\"},{\"@type\":\"Organization\",\"@id\":\"https:\/\/waylab.fr\/#organization\",\"name\":\"WayLab\",\"url\":\"https:\/\/waylab.fr\/\",\"logo\":{\"@type\":\"ImageObject\",\"inLanguage\":\"fr-FR\",\"@id\":\"https:\/\/waylab.fr\/#\/schema\/logo\/image\/\",\"url\":\"https:\/\/waylab.fr\/wp-content\/uploads\/2025\/09\/91B3FF75-3AA0-4BBD-9AE4-1F95C1541812.png\",\"contentUrl\":\"https:\/\/waylab.fr\/wp-content\/uploads\/2025\/09\/91B3FF75-3AA0-4BBD-9AE4-1F95C1541812.png\",\"width\":1024,\"height\":1024,\"caption\":\"WayLab\"},\"image\":{\"@id\":\"https:\/\/waylab.fr\/#\/schema\/logo\/image\/\"},\"sameAs\":[\"https:\/\/www.linkedin.com\/in\/phil-margueron-2578a582\/\"]}]}<\/script>\n<!-- \/ Yoast SEO plugin. -->","yoast_head_json":{"title":"Audit Strat\u00e9gique -","robots":{"index":"index","follow":"follow","max-snippet":"max-snippet:-1","max-image-preview":"max-image-preview:large","max-video-preview":"max-video-preview:-1"},"canonical":"https:\/\/waylab.fr\/?page_id=428","og_locale":"fr_FR","og_type":"article","og_title":"Audit Strat\u00e9gique -","og_description":"1 &#8211; Pour quels projets ? Cet audit s\u2019adresse \u00e0 des porteurs de projets, \u00e9quipes ou structures qui : Ce [&hellip;]","og_url":"https:\/\/waylab.fr\/?page_id=428","article_modified_time":"2026-01-15T14:01:41+00:00","twitter_card":"summary_large_image","twitter_misc":{"Dur\u00e9e de lecture estim\u00e9e":"2 minutes"},"schema":{"@context":"https:\/\/schema.org","@graph":[{"@type":"WebPage","@id":"https:\/\/waylab.fr\/?page_id=428","url":"https:\/\/waylab.fr\/?page_id=428","name":"Audit Strat\u00e9gique -","isPartOf":{"@id":"https:\/\/waylab.fr\/#website"},"datePublished":"2026-01-15T13:14:37+00:00","dateModified":"2026-01-15T14:01:41+00:00","breadcrumb":{"@id":"https:\/\/waylab.fr\/?page_id=428#breadcrumb"},"inLanguage":"fr-FR","potentialAction":[{"@type":"ReadAction","target":["https:\/\/waylab.fr\/?page_id=428"]}]},{"@type":"BreadcrumbList","@id":"https:\/\/waylab.fr\/?page_id=428#breadcrumb","itemListElement":[{"@type":"ListItem","position":1,"name":"Accueil","item":"https:\/\/waylab.fr\/"},{"@type":"ListItem","position":2,"name":"Audit Strat\u00e9gique"}]},{"@type":"WebSite","@id":"https:\/\/waylab.fr\/#website","url":"https:\/\/waylab.fr\/","name":"WayLab","description":"","publisher":{"@id":"https:\/\/waylab.fr\/#organization"},"potentialAction":[{"@type":"SearchAction","target":{"@type":"EntryPoint","urlTemplate":"https:\/\/waylab.fr\/?s={search_term_string}"},"query-input":{"@type":"PropertyValueSpecification","valueRequired":true,"valueName":"search_term_string"}}],"inLanguage":"fr-FR"},{"@type":"Organization","@id":"https:\/\/waylab.fr\/#organization","name":"WayLab","url":"https:\/\/waylab.fr\/","logo":{"@type":"ImageObject","inLanguage":"fr-FR","@id":"https:\/\/waylab.fr\/#\/schema\/logo\/image\/","url":"https:\/\/waylab.fr\/wp-content\/uploads\/2025\/09\/91B3FF75-3AA0-4BBD-9AE4-1F95C1541812.png","contentUrl":"https:\/\/waylab.fr\/wp-content\/uploads\/2025\/09\/91B3FF75-3AA0-4BBD-9AE4-1F95C1541812.png","width":1024,"height":1024,"caption":"WayLab"},"image":{"@id":"https:\/\/waylab.fr\/#\/schema\/logo\/image\/"},"sameAs":["https:\/\/www.linkedin.com\/in\/phil-margueron-2578a582\/"]}]}},"_links":{"self":[{"href":"https:\/\/waylab.fr\/index.php?rest_route=\/wp\/v2\/pages\/428","targetHints":{"allow":["GET"]}}],"collection":[{"href":"https:\/\/waylab.fr\/index.php?rest_route=\/wp\/v2\/pages"}],"about":[{"href":"https:\/\/waylab.fr\/index.php?rest_route=\/wp\/v2\/types\/page"}],"author":[{"embeddable":true,"href":"https:\/\/waylab.fr\/index.php?rest_route=\/wp\/v2\/users\/1"}],"replies":[{"embeddable":true,"href":"https:\/\/waylab.fr\/index.php?rest_route=%2Fwp%2Fv2%2Fcomments&post=428"}],"version-history":[{"count":4,"href":"https:\/\/waylab.fr\/index.php?rest_route=\/wp\/v2\/pages\/428\/revisions"}],"predecessor-version":[{"id":436,"href":"https:\/\/waylab.fr\/index.php?rest_route=\/wp\/v2\/pages\/428\/revisions\/436"}],"wp:attachment":[{"href":"https:\/\/waylab.fr\/index.php?rest_route=%2Fwp%2Fv2%2Fmedia&parent=428"}],"curies":[{"name":"wp","href":"https:\/\/api.w.org\/{rel}","templated":true}]}}